{"id":358,"date":"2023-01-11T18:44:36","date_gmt":"2023-01-11T18:44:36","guid":{"rendered":"https:\/\/centroinfalntiljardindeluz.com\/index.php\/aviso-legal\/"},"modified":"2023-01-12T19:12:11","modified_gmt":"2023-01-12T19:12:11","slug":"aviso-legal","status":"publish","type":"page","link":"https:\/\/centroinfalntiljardindeluz.com\/index.php\/aviso-legal\/","title":{"rendered":"Aviso Legal"},"content":{"rendered":"\t\t<div data-elementor-type=\"wp-page\" data-elementor-id=\"358\" class=\"elementor elementor-358\">\n\t\t\t\t\t\t\t\t\t<section class=\"elementor-section elementor-top-section elementor-element elementor-element-59beaf4 elementor-section-boxed elementor-section-height-default elementor-section-height-default\" data-id=\"59beaf4\" data-element_type=\"section\">\n\t\t\t\t\t\t<div class=\"elementor-container elementor-column-gap-default\">\n\t\t\t\t\t<div class=\"elementor-column elementor-col-100 elementor-top-column elementor-element elementor-element-4c1295e\" data-id=\"4c1295e\" data-element_type=\"column\">\n\t\t\t<div class=\"elementor-widget-wrap elementor-element-populated\">\n\t\t\t\t\t\t\t\t<div class=\"elementor-element elementor-element-8536e47 elementor-widget elementor-widget-heading\" data-id=\"8536e47\" data-element_type=\"widget\" data-widget_type=\"heading.default\">\n\t\t\t\t<div class=\"elementor-widget-container\">\n\t\t\t<style>\/*! elementor - v3.16.0 - 17-10-2023 *\/\n.elementor-heading-title{padding:0;margin:0;line-height:1}.elementor-widget-heading .elementor-heading-title[class*=elementor-size-]>a{color:inherit;font-size:inherit;line-height:inherit}.elementor-widget-heading .elementor-heading-title.elementor-size-small{font-size:15px}.elementor-widget-heading .elementor-heading-title.elementor-size-medium{font-size:19px}.elementor-widget-heading .elementor-heading-title.elementor-size-large{font-size:29px}.elementor-widget-heading .elementor-heading-title.elementor-size-xl{font-size:39px}.elementor-widget-heading .elementor-heading-title.elementor-size-xxl{font-size:59px}<\/style><h2 class=\"elementor-heading-title elementor-size-default\">Aviso Legal<\/h2>\t\t<\/div>\n\t\t\t\t<\/div>\n\t\t\t\t\t<\/div>\n\t\t<\/div>\n\t\t\t\t\t\t\t<\/div>\n\t\t<\/section>\n\t\t\t\t<section class=\"elementor-section elementor-top-section elementor-element elementor-element-7d6c0c0 elementor-section-boxed elementor-section-height-default elementor-section-height-default\" data-id=\"7d6c0c0\" data-element_type=\"section\">\n\t\t\t\t\t\t<div class=\"elementor-container elementor-column-gap-default\">\n\t\t\t\t\t<div class=\"elementor-column elementor-col-100 elementor-top-column elementor-element elementor-element-d6692d9\" data-id=\"d6692d9\" data-element_type=\"column\">\n\t\t\t<div class=\"elementor-widget-wrap elementor-element-populated\">\n\t\t\t\t\t\t\t\t<div class=\"elementor-element elementor-element-2cf57b0 elementor-widget elementor-widget-text-editor\" data-id=\"2cf57b0\" data-element_type=\"widget\" data-widget_type=\"text-editor.default\">\n\t\t\t\t<div class=\"elementor-widget-container\">\n\t\t\t<style>\/*! elementor - v3.16.0 - 17-10-2023 *\/\n.elementor-widget-text-editor.elementor-drop-cap-view-stacked .elementor-drop-cap{background-color:#69727d;color:#fff}.elementor-widget-text-editor.elementor-drop-cap-view-framed .elementor-drop-cap{color:#69727d;border:3px solid;background-color:transparent}.elementor-widget-text-editor:not(.elementor-drop-cap-view-default) .elementor-drop-cap{margin-top:8px}.elementor-widget-text-editor:not(.elementor-drop-cap-view-default) .elementor-drop-cap-letter{width:1em;height:1em}.elementor-widget-text-editor .elementor-drop-cap{float:left;text-align:center;line-height:1;font-size:50px}.elementor-widget-text-editor .elementor-drop-cap-letter{display:inline-block}<\/style>\t\t\t\t<ol><li><span style=\"color: #ff0000;\"><strong> DATOS IDENTIFICATIVOS\u00a0<\/strong><\/span><\/li><\/ol><p><span style=\"font-weight: 400;\">En cumplimiento con el deber de informaci\u00f3n recogido en art\u00edculo 10 de la Ley 34\/2002, de 11\u00a0 de julio, de Servicios de la Sociedad de la Informaci\u00f3n y del Comercio Electr\u00f3nico, a\u00a0 continuaci\u00f3n se reflejan los siguientes datos:\u00a0\u00a0<\/span><\/p><p><span style=\"font-weight: 400;\">La empresa titular del presente dominio web es SUE\u00d1OS DE COLORES, con domicilio a\u00a0 estos efectos en AVENIDA TRES DE MARZO, 3 &#8211; 21007 (HUELVA)\u00a0 n\u00famero de C.I.F.: 21475363 F \u00a0 Correo electr\u00f3nico de contacto: s-colores@hotmail.com<\/span><\/p><ol start=\"2\"><li><strong><span style=\"color: #ff0000;\"> USUARIOS\u00a0<\/span><\/strong><\/li><\/ol><p><span style=\"font-weight: 400;\">El acceso y\/o uso de este portal o sitio web le atribuye la condici\u00f3n de USUARIO, que\u00a0 acepta, desde dicho acceso y\/o uso, las Condiciones Generales de Uso reflejadas en el\u00a0 presente aviso. Las Condiciones ser\u00e1n de aplicaci\u00f3n independientemente de las\u00a0 Condiciones Generales de Contrataci\u00f3n que en su caso resulten de obligado cumplimiento.\u00a0 En todo caso para cualquier fin especifico se pedir\u00e1 su consentimiento expreso.\u00a0\u00a0<\/span><\/p><ol start=\"3\"><li><strong><span style=\"color: #ff0000;\"> USO DEL PORTAL\u00a0<\/span><\/strong><\/li><\/ol><p><span style=\"font-weight: 400;\">Nuestra web proporciona el acceso a informaciones, servicios, programas o datos (en\u00a0 adelante pasaremos a denominarlos como \u201clos contenidos\u201d) en Internet pertenecientes a\u00a0 SUE\u00d1OS DE COLORES o a sus licenciantes a los que el USUARIO pueda tener acceso.\u00a0\u00a0<\/span><\/p><p><span style=\"font-weight: 400;\">El USUARIO asume la responsabilidad del correcto uso del portal. Dicha responsabilidad se\u00a0 extiende al registro que fuese necesario para acceder a determinados servicios o contenidos.\u00a0 En dicho registro el USUARIO ser\u00e1 responsable de aportar informaci\u00f3n veraz y l\u00edcita sobre\u00a0 sus datos. Como consecuencia de este registro, al USUARIO se le puede proporcionar una\u00a0 contrase\u00f1a de la que ser\u00e1 responsable, comprometi\u00e9ndose a hacer un uso diligente, \u00e9tico y\u00a0 confidencial de la misma. El USUARIO se compromete a hacer un uso adecuado de los\u00a0 contenidos y servicios (como por ejemplo servicios de chat, foros de discusi\u00f3n o grupos de\u00a0 noticias) que se ofrece a trav\u00e9s de su portal y con car\u00e1cter enunciativo pero no limitativo, a\u00a0 no emplearlos para:\u00a0\u00a0<\/span><\/p><p><span style=\"font-weight: 400;\">&#8211; <\/span><span style=\"font-weight: 400;\">Incurrir en actividades il\u00edcitas, ilegales o contrarias a la buena fe y al orden p\u00fablico;\u00a0<\/span><\/p><p><span style=\"font-weight: 400;\">&#8211; <\/span><span style=\"font-weight: 400;\">Difundir contenidos o propaganda de car\u00e1cter racista, xen\u00f3fobo, pornogr\u00e1fico-ilegal, de apolog\u00eda del terrorismo o atentatorio contra los derechos humanos\u00a0<\/span><\/p><p><span style=\"font-weight: 400;\">&#8211; <\/span><span style=\"font-weight: 400;\">Provocar da\u00f1os en los sistemas f\u00edsicos y l\u00f3gicos del propietario, de sus proveedores o de terceras personas, introducir o difundir en la red virus inform\u00e1ticos o cualesquiera otros sistemas f\u00edsicos o l\u00f3gicos que sean susceptibles de provocar los da\u00f1os anteriormente mencionados;\u00a0<\/span><\/p><p><span style=\"font-weight: 400;\">&#8211; Intentar acceder y, en su caso, utilizar las cuentas de correo electr\u00f3nico de otros usuarios y modificar o manipular sus mensajes. El propietario del portal se reserva el derecho de retirar todos aquellos comentarios y aportaciones que vulneren el respeto a la dignidad de la persona, que sean discriminatorios, xen\u00f3fobos, racistas, pornogr\u00e1ficos, que atenten contra la juventud o la infancia, el orden o la seguridad p\u00fablica o que, a su juicio, no resultaran adecuados o convenientes para su publicaci\u00f3n. En cualquier caso, el propietario del portal no ser\u00e1 responsable de las opiniones vertidas por los usuarios a trav\u00e9s de los foros, chats, u otras herramientas de participaci\u00f3n.\u00a0<\/span><\/p><ol start=\"4\"><li><strong><span style=\"color: #ff0000;\"> PROTECCI\u00d3N DE DATOS\u00a0<\/span><\/strong><\/li><\/ol><p><span style=\"font-weight: 400;\">El uso de los datos personales est\u00e1 definida en base al Reglamento General de Protecci\u00f3n de\u00a0 datos y la normativa espa\u00f1ola vigente. Con el fin de conseguir la m\u00e1xima transparencia y en\u00a0 base a nuestra pol\u00edtica proactiva le informamos:\u00a0\u00a0<\/span><\/p><p><strong>\u00bfPor qu\u00e9 solicitamos sus datos?\u00a0<\/strong><\/p><p>la finalidad para la que se recaban los datos y su licitud, por ejemplo, para el ejercicio de la funci\u00f3n educativa, o para difundir y dar a conocer las actividades del centro<\/p><p><span style=\"font-weight: 400;\"><strong>\u00bfQu\u00e9 tipo de datos recabamos?<\/strong>\u00a0\u00a0<\/span><\/p><p><span style=\"font-weight: 400;\">Recabamos los estrictamente necesarios para que la comunicaci\u00f3n entre el alumnado, sus familias y el Centro Educativo sea fluida , transparente y eficaz<\/span><\/p><p><strong>\u00bfC\u00f3mo se recogen?\u00a0<\/strong><\/p><p><span style=\"font-weight: 400;\">Desde el momento en el que entren a formar parte de nuestro Centro Educativo<\/span><\/p><p><strong>Uso compartido con terceros:\u00a0<\/strong><\/p><p>Todas las personas que tengan acceso a datos de car\u00e1cter personal est\u00e1n obligadas a guardar secreto sobre los mismos art. 5 LOPDGDD<br \/>Este deber de secreto es esencial para garantizar el derecho fundamental a la protecci\u00f3n de datos y es de obligado cumplimiento para todas las personas que presten sus servicios en los centros y Administraciones educativas-docentes, personal administrativo o de servicios auxiliares, en relaci\u00f3n con los datos de car\u00e1cter personal a los que accedan. Adem\u00e1s, el deber de secreto subsiste incluso una vez finaliza la relaci\u00f3n con el responsable o con el encargado de tratamiento.<\/p><p><span style=\"font-weight: 400;\"><strong>Derechos<\/strong>: Tiene derecho a acceder a sus datos, rectificarlos, suprimirlos, limitarlos y\u00a0 oponerse a su tratamiento en cualquier momento, tambien puede retirar el consentimiento\u00a0 prestado y reclamar ante la autoridad de control ( Agencia Espa\u00f1ola de protecci\u00f3n de Datos\u00a0 c\/ Jorge Juan n\u00ba6 28001 Madrid). Para el ejercicio de sus derechos dispone de un\u00a0\u00a0<\/span><span style=\"font-weight: 400;\">canal directo con nuestra empresa en el mail <span style=\"color: #3366ff;\">s-colores@hotmail.com<\/span> y en la\u00a0 direcci\u00f3n postal\u00a0<\/span><em><span style=\"color: #3366ff;\">Av. del Tres de Marzo, 3 &#8211;\u00a021007 Huelva<\/span><\/em>\u00a0\u00a0<span style=\"font-weight: 400;\">indicando en el asunto <\/span><span style=\"font-weight: 400;\">protecci\u00f3n de datos.<\/span><span style=\"font-weight: 400;\">\u00a0<\/span><\/p><p><strong>Privacidad en la navegaci\u00f3n:\u00a0\u00a0<\/strong><\/p><p><span style=\"font-weight: 400;\">El propietario del portal se toma la privacidad muy en serio, y se esfuerza por la transparencia\u00a0 en todos los aspectos relacionados con los datos personales. Si desea configurar las cookies\u00a0 adjuntamos los enlaces correspondientes a cada navegador. Rogamos consulte la pol\u00edtica de\u00a0 cookies de nuestra web para obtener m\u00e1s informaci\u00f3n.\u00a0\u00a0<\/span><\/p><p><span style=\"font-weight: 400;\">Puede encontrar m\u00e1s informaci\u00f3n sobre c\u00f3mo cambiar la configuraci\u00f3n de las cookies en el\u00a0 explorador que utiliza en la siguiente lista:\u00a0\u00a0<\/span><\/p><ul><li><span style=\"font-weight: 400; color: #3366ff;\">https:\/\/www.google.com\/intl\/en\/policies\/technologies\/managing\/<\/span><\/li><li><span style=\"font-weight: 400; color: #3366ff;\">http:\/\/support.mozilla.com\/en-GB\/kb\/Cookies#w_cookie-settings<\/span><\/li><li><span style=\"color: #3366ff;\"><span style=\"font-weight: 400;\">http:\/\/windows.microsoft.com\/en-GB\/windows-vista\/Block-or-allow-cookies<\/span> <span style=\"font-weight: 400;\">\u2022 <\/span><span style=\"font-weight: 400;\">http:\/\/www.apple.com\/safari\/features.html#security<\/span><\/span><\/li><\/ul><p><span style=\"font-weight: 400;\">Asimismo, SUE\u00d1OS DE COLORES\u00a0 informa que da cumplimiento a la\u00a0 Ley 34\/2002 de 11 de julio, de Servicios de la Sociedad de la Informaci\u00f3n y el Comercio\u00a0 Electr\u00f3nico y le solicitar\u00e1 su consentimiento al tratamiento de su correo electr\u00f3nico con fines\u00a0 comerciales en cada momento.\u00a0\u00a0<\/span><\/p><ol start=\"5\"><li><span style=\"font-weight: 400; color: #ff0000;\"> PROPIEDAD INTELECTUAL E INDUSTRIAL\u00a0<\/span><\/li><\/ol><p><span style=\"font-weight: 400;\">El propietario por s\u00ed o como cesionaria, es titular de todos los derechos de propiedad\u00a0 intelectual e industrial de su p\u00e1gina web, as\u00ed como de los elementos contenidos en la misma\u00a0 (a t\u00edtulo enunciativo, im\u00e1genes, sonido, audio, v\u00eddeo, software o textos; marcas o logotipos,\u00a0 combinaciones de colores, estructura y dise\u00f1o, selecci\u00f3n de materiales usados, programas\u00a0 de ordenador necesarios para su funcionamiento, acceso y uso, etc.).\u00a0\u00a0<\/span><\/p><p><span style=\"font-weight: 400;\">Todos los derechos reservados. En virtud de lo dispuesto en los art\u00edculos 8 y 32.1, p\u00e1rrafo\u00a0 segundo, de la Ley de Propiedad Intelectual, quedan expresamente prohibidas la\u00a0 reproducci\u00f3n, la distribuci\u00f3n y la comunicaci\u00f3n p\u00fablica, incluida su modalidad de puesta a\u00a0 disposici\u00f3n, de la totalidad o parte de los contenidos de esta p\u00e1gina web, con fines\u00a0 comerciales, en cualquier soporte y por cualquier medio t\u00e9cnico, sin la autorizaci\u00f3n de\u00a0 <strong>SUE\u00d1OS DE COLORES<\/strong><\/span><strong>.\u00a0<\/strong><\/p><p><span style=\"font-weight: 400;\">El USUARIO se compromete a respetar los derechos de Propiedad Intelectual e Industrial\u00a0 titularidad de SUE\u00d1OS DE COLORES. Podr\u00e1 visualizar los elementos del portal e incluso imprimirlos, copiarlos y almacenarlos en el\u00a0 disco duro de su ordenador o en cualquier otro soporte f\u00edsico siempre y cuando sea, \u00fanica y\u00a0 exclusivamente, para su uso personal y privado.\u00a0<\/span><\/p><ol start=\"6\"><li><strong><span style=\"color: #ff0000;\"> EXCLUSI\u00d3N DE GARANT\u00cdAS Y RESPONSABILIDAD\u00a0<\/span><\/strong><\/li><\/ol><p><span style=\"font-weight: 400;\">SUE\u00d1OS DE COLORES\u00a0 no se hace responsable, en ning\u00fan caso, de los da\u00f1os y perjuicios de\u00a0 cualquier naturaleza que pudieran ocasionar, a t\u00edtulo enunciativo: errores u omisiones en los\u00a0 contenidos, falta de disponibilidad del portal o la transmisi\u00f3n de virus o programas maliciosos\u00a0 o lesivos en los contenidos, a pesar de haber adoptado todas las medidas tecnol\u00f3gicas necesarias para evitarlo.\u00a0<\/span><\/p><ol start=\"7\"><li><strong><span style=\"color: #ff0000;\"> MODIFICACIONES\u00a0<\/span><\/strong><\/li><\/ol><p><span style=\"font-weight: 400;\">SUE\u00d1OS DE COLORES se reserva el derecho de efectuar sin previo aviso las modificaciones\u00a0\u00a0<\/span><span style=\"font-weight: 400;\">que considere oportunas en su portal, pudiendo cambiar, suprimir o a\u00f1adir tanto los\u00a0 contenidos y servicios que se presten a trav\u00e9s de la misma como la forma en la que \u00e9stos\u00a0 aparezcan presentados o localizados en su portal.\u00a0<\/span><span style=\"font-weight: 400;\"><br \/><\/span><\/p><ol start=\"8\"><li><span style=\"color: #ff0000;\"><strong> ENLACES\u00a0<\/strong><\/span><\/li><\/ol><p><span style=\"font-weight: 400;\">En el caso de que en www.centroinfalntiljardindeluz.com se dispusiesen enlaces o hiperv\u00ednculos\u00a0 hac\u00eda otros sitios de Internet, no ejercer\u00e1 ning\u00fan tipo de control sobre dichos sitios y\u00a0 contenidos. En ning\u00fan caso SUE\u00d1OS DE COLORES asumir\u00e1 responsabilidad\u00a0 alguna por los contenidos de alg\u00fan enlace perteneciente a un sitio web ajeno, ni garantizar\u00e1\u00a0 la disponibilidad t\u00e9cnica, calidad, fiabilidad, exactitud, amplitud, veracidad, validez y\u00a0 constitucionalidad de cualquier material o informaci\u00f3n contenida en ninguno de dichos\u00a0 hiperv\u00ednculos u otros sitios de Internet. En caso de usar los enlaces rogamos que acceda a la\u00a0 pol\u00edtica de privacidad y aviso legal de la p\u00e1gina visitada.\u00a0\u00a0<\/span><\/p><p><span style=\"font-weight: 400;\">Igualmente la inclusi\u00f3n de estas conexiones externas no implicar\u00e1 ning\u00fan tipo de asociaci\u00f3n,\u00a0 fusi\u00f3n o participaci\u00f3n con las entidades conectadas.\u00a0\u00a0<\/span><\/p><ol start=\"9\"><li><span style=\"color: #ff0000;\"><strong> DERECHO DE EXCLUSI\u00d3N<\/strong><\/span><\/li><\/ol><p><span style=\"font-weight: 400;\">SUE\u00d1OS DE COLORES se reserva el derecho a denegar o retirar el acceso\u00a0 a portal y\/o los servicios ofrecidos sin necesidad de preaviso, a instancia propia o de un\u00a0 tercero, a aquellos usuarios que incumplan las presentes Condiciones Generales de Uso.\u00a0\u00a0<\/span><\/p><p><span style=\"font-weight: 400;\">10. <strong><span style=\"color: #ff0000;\">GENERALIDADES<\/span><\/strong>\u00a0<\/span><\/p><p><span style=\"font-weight: 400;\">Se perseguir\u00e1 el incumplimiento de las presentes condiciones as\u00ed como cualquier utilizaci\u00f3n\u00a0 indebida de su portal ejerciendo todas las acciones civiles y penales que le puedan\u00a0 corresponder en derecho.\u00a0\u00a0<\/span><\/p><p><span style=\"font-weight: 400;\">11.<strong><span style=\"color: #ff0000;\">MODIFICACI\u00d3N DE LAS PRESENTES CONDICIONES Y DURACI\u00d3N\u00a0<\/span><\/strong><\/span><\/p><p><span style=\"font-weight: 400;\">SUE\u00d1OS DE COLORES podr\u00e1 modificar en cualquier momento las condiciones aqu\u00ed determinadas, siendo debidamente publicadas como aqu\u00ed aparecen.\u00a0\u00a0<\/span><\/p><p><span style=\"font-weight: 400;\">La vigencia de las citadas condiciones ir\u00e1 en funci\u00f3n de su exposici\u00f3n y estar\u00e1n vigentes\u00a0 hasta debidamente publicadas. que sean modificadas por otras.\u00a0\u00a0<\/span><\/p><ol start=\"12\"><li><span style=\"font-weight: 400;\"><strong><span style=\"color: #ff0000;\"> LEGISLACI\u00d3N APLICABLE Y JURISDICCI\u00d3N<\/span><\/strong>\u00a0<\/span><\/li><\/ol><p><span style=\"font-weight: 400;\">La relaci\u00f3n entre SUE\u00d1OS DE COLORES y el USUARIO se regir\u00e1 por la\u00a0 normativa espa\u00f1ola vigente y cualquier controversia se someter\u00e1 a la autoridad pertinente.\u00a0\u00a0<\/span><\/p>\t\t\t\t\t\t<\/div>\n\t\t\t\t<\/div>\n\t\t\t\t\t<\/div>\n\t\t<\/div>\n\t\t\t\t\t\t\t<\/div>\n\t\t<\/section>\n\t\t\t\t\t\t\t<\/div>\n\t\t","protected":false},"excerpt":{"rendered":"<p>Aviso Legal DATOS IDENTIFICATIVOS\u00a0 En cumplimiento con el deber de informaci\u00f3n recogido en art\u00edculo 10 de la Ley 34\/2002, de 11\u00a0 de julio, de Servicios de la Sociedad de la Informaci\u00f3n y del Comercio Electr\u00f3nico, a\u00a0 continuaci\u00f3n se reflejan los siguientes datos:\u00a0\u00a0 La empresa titular del presente dominio web es SUE\u00d1OS DE COLORES, con domicilio [&hellip;]<\/p>\n","protected":false},"author":1,"featured_media":0,"parent":0,"menu_order":0,"comment_status":"closed","ping_status":"closed","template":"","meta":{"site-sidebar-layout":"no-sidebar","site-content-layout":"page-builder","ast-site-content-layout":"default","site-content-style":"default","site-sidebar-style":"default","ast-global-header-display":"","ast-banner-title-visibility":"","ast-main-header-display":"","ast-hfb-above-header-display":"","ast-hfb-below-header-display":"","ast-hfb-mobile-header-display":"","site-post-title":"disabled","ast-breadcrumbs-content":"","ast-featured-img":"disabled","footer-sml-layout":"","theme-transparent-header-meta":"","adv-header-id-meta":"","stick-header-meta":"","header-above-stick-meta":"","header-main-stick-meta":"","header-below-stick-meta":"","astra-migrate-meta-layouts":"default","ast-page-background-enabled":"default","ast-page-background-meta":{"desktop":{"background-color":"var(--ast-global-color-4)","background-image":"","background-repeat":"repeat","background-position":"center center","background-size":"auto","background-attachment":"scroll","background-type":"","background-media":"","overlay-type":"","overlay-color":"","overlay-opacity":"","overlay-gradient":""},"tablet":{"background-color":"","background-image":"","background-repeat":"repeat","background-position":"center center","background-size":"auto","background-attachment":"scroll","background-type":"","background-media":"","overlay-type":"","overlay-color":"","overlay-opacity":"","overlay-gradient":""},"mobile":{"background-color":"","background-image":"","background-repeat":"repeat","background-position":"center center","background-size":"auto","background-attachment":"scroll","background-type":"","background-media":"","overlay-type":"","overlay-color":"","overlay-opacity":"","overlay-gradient":""}},"ast-content-background-meta":{"desktop":{"background-color":"var(--ast-global-color-5)","background-image":"","background-repeat":"repeat","background-position":"center center","background-size":"auto","background-attachment":"scroll","background-type":"","background-media":"","overlay-type":"","overlay-color":"","overlay-opacity":"","overlay-gradient":""},"tablet":{"background-color":"var(--ast-global-color-5)","background-image":"","background-repeat":"repeat","background-position":"center center","background-size":"auto","background-attachment":"scroll","background-type":"","background-media":"","overlay-type":"","overlay-color":"","overlay-opacity":"","overlay-gradient":""},"mobile":{"background-color":"var(--ast-global-color-5)","background-image":"","background-repeat":"repeat","background-position":"center center","background-size":"auto","background-attachment":"scroll","background-type":"","background-media":"","overlay-type":"","overlay-color":"","overlay-opacity":"","overlay-gradient":""}},"footnotes":""},"class_list":["post-358","page","type-page","status-publish","hentry"],"_links":{"self":[{"href":"https:\/\/centroinfalntiljardindeluz.com\/index.php\/wp-json\/wp\/v2\/pages\/358","targetHints":{"allow":["GET"]}}],"collection":[{"href":"https:\/\/centroinfalntiljardindeluz.com\/index.php\/wp-json\/wp\/v2\/pages"}],"about":[{"href":"https:\/\/centroinfalntiljardindeluz.com\/index.php\/wp-json\/wp\/v2\/types\/page"}],"author":[{"embeddable":true,"href":"https:\/\/centroinfalntiljardindeluz.com\/index.php\/wp-json\/wp\/v2\/users\/1"}],"replies":[{"embeddable":true,"href":"https:\/\/centroinfalntiljardindeluz.com\/index.php\/wp-json\/wp\/v2\/comments?post=358"}],"version-history":[{"count":3,"href":"https:\/\/centroinfalntiljardindeluz.com\/index.php\/wp-json\/wp\/v2\/pages\/358\/revisions"}],"predecessor-version":[{"id":373,"href":"https:\/\/centroinfalntiljardindeluz.com\/index.php\/wp-json\/wp\/v2\/pages\/358\/revisions\/373"}],"wp:attachment":[{"href":"https:\/\/centroinfalntiljardindeluz.com\/index.php\/wp-json\/wp\/v2\/media?parent=358"}],"curies":[{"name":"wp","href":"https:\/\/api.w.org\/{rel}","templated":true}]}}